{"id":4874,"date":"2015-01-20T15:35:36","date_gmt":"2015-01-20T15:35:36","guid":{"rendered":"http:\/\/www.internationaljuices.com\/fr\/home-5\/"},"modified":"2020-09-30T17:41:44","modified_gmt":"2020-09-30T15:41:44","slug":"home-5","status":"publish","type":"page","link":"https:\/\/www.internationaljuices.com\/fr\/","title":{"rendered":"Home"},"content":{"rendered":"<div class=\"wpb-content-wrapper\">[vc_row][vc_column][vc_empty_space height=\u00a0\u00bb35px\u00a0\u00bb][rev_slider_vc alias=\u00a0\u00bbslider\u00a0\u00bb][vc_separator][\/vc_column][\/vc_row][vc_row full_width=\u00a0\u00bbstretch_row_content_no_spaces\u00a0\u00bb el_id=\u00a0\u00bbhp_prodotti\u00a0\u00bb][vc_column css=\u00a0\u00bb.vc_custom_1485854669749{margin-top: 2px !important;}\u00a0\u00bb][vc_row_inner el_class=\u00a0\u00bbbanner_blog\u00a0\u00bb el_id=\u00a0\u00bbprodotti\u00a0\u00bb][vc_column_inner][vc_column_text css=\u00a0\u00bb.vc_custom_1601480503875{padding-top: 50px !important;padding-bottom: 50px !important;}\u00a0\u00bb]\n<h2 style=\"color: #1a361e; text-align: center;\">Nos nouveaux produits<\/h2>\n[\/vc_column_text][\/vc_column_inner][vc_column_inner width=\u00a0\u00bb1\/6&Prime;][\/vc_column_inner][vc_column_inner width=\u00a0\u00bb2\/6&Prime;]<div class=\"ih-item  square effect6 top_to_bottom\" >\r\n\t<a class=\"taphover\"  href=\"http:\/\/www.internationaljuices.com\/fr\/cosa-facciamo\/\" target=\"_self\"> \r\n\t\t  \r\n\t  <div class=\"img\"><img decoding=\"async\" class=\"responsiveimage\" src=\"https:\/\/www.internationaljuices.com\/wp-content\/uploads\/2015\/01\/anguria.jpg\" alt=\"img\"><\/div>\r\n\t  \r\n\t  \t\t<div class=\"info\">\r\n\t    <div class=\"info-back\" >\r\n\t      <h3><\/h3>\r\n\t      &lt;h2 style=&quot;text-align: center;&quot;&gt;&lt;span style=&quot;color: #ffffff;&quot;&gt;PAST\u00c8QUE&lt;\/span&gt;&lt;\/h2&gt;\n\t    <\/div>\r\n\t  <\/div>\r\n\t  \t<\/a>\r\n<\/div>[\/vc_column_inner][vc_column_inner width=\u00a0\u00bb2\/6&Prime;]<div class=\"ih-item  square effect6 top_to_bottom\" >\r\n\t<a class=\"taphover\"  href=\"http:\/\/www.internationaljuices.com\/fr\/cosa-facciamo\/\" target=\"_self\"> \r\n\t\t  \r\n\t  <div class=\"img\"><img decoding=\"async\" class=\"responsiveimage\" src=\"https:\/\/www.internationaljuices.com\/wp-content\/uploads\/2015\/01\/fichidindia.jpg\" alt=\"img\"><\/div>\r\n\t  \r\n\t  \t\t<div class=\"info\">\r\n\t    <div class=\"info-back\" >\r\n\t      <h3><\/h3>\r\n\t      &lt;h2 style=&quot;text-align: center;&quot;&gt;\u00a0&lt;span style=&quot;color: #ffffff;&quot;&gt;FIGUE DE BARBARIE&lt;\/span&gt;&lt;\/h2&gt;\n\t    <\/div>\r\n\t  <\/div>\r\n\t  \t<\/a>\r\n<\/div>[\/vc_column_inner][vc_column_inner width=\u00a0\u00bb1\/6&Prime;][\/vc_column_inner][\/vc_row_inner]<div class=\"sc_content mainWrap\" style=\" width:1400px;\">[vc_row_inner][vc_column_inner width=\u00a0\u00bb1\/12&Prime;][\/vc_column_inner][vc_column_inner width=\u00a0\u00bb5\/12&Prime; css=\u00a0\u00bb.vc_custom_1486735739123{margin-top: 150px !important;}\u00a0\u00bb][vc_column_text el_class=\u00a0\u00bbboxes\u00a0\u00bb]\n<h2 style=\"color: #1a361e;\">A propos de nous<\/h2>\n<p>&nbsp;<\/p>\n<p style=\"font-family: arial;\">Le jus International Srl a \u00e9t\u00e9 fond\u00e9e en 2014 et est une soci\u00e9t\u00e9 commerciale \u00e0 la gestion familiale, jeune, dynamique et innovante op\u00e9rant dans le secteur alimentaire, l&rsquo;am\u00e9lioration des produits et des saveurs de la Calabre &#8230;<\/p>\n[\/vc_column_text]<a href=\"http:\/\/www.internationaljuices.com\/fr\/chi-siamo\/\"  style=\" background-color:#cc6f31; margin-top:50px; margin-left:80px;\"  class=\"sc_button  sc_button_skin_dark sc_button_style_bg sc_button_size_medium\" >EN SAVOIR PLUS<\/a>[\/vc_column_inner][vc_column_inner width=\u00a0\u00bb6\/12&Prime;]<div  style=\"margin-top:100px !important;margin-left:50px !important;margin-right:50px !important;\" class=\"sc_image align\"><a href=\"https:\/\/www.internationaljuices.com\/wp-content\/uploads\/2015\/01\/melograna.png\"><img decoding=\"async\"  src=\"https:\/\/www.internationaljuices.com\/wp-content\/uploads\/2015\/01\/melograna-1240x945.png\" alt=\"\" \/><\/a><\/div>[\/vc_column_inner][\/vc_row_inner][vc_empty_space height=\u00a0\u00bb60px\u00a0\u00bb][vc_row_inner css=\u00a0\u00bb.vc_custom_1485443174918{margin-right: 1px !important;margin-left: 1px !important;background-color: #ffffff !important;}\u00a0\u00bb][vc_column_inner width=\u00a0\u00bb1\/2&Prime;][rev_slider_vc alias=\u00a0\u00bbslide_foto\u00a0\u00bb][\/vc_column_inner][vc_column_inner width=\u00a0\u00bb1\/2&Prime;][vc_column_text css=\u00a0\u00bb.vc_custom_1491905716850{padding-top: 60px !important;}\u00a0\u00bb el_class=\u00a0\u00bbboxes\u00a0\u00bb]\n<p style=\"line-height: 25px;\">Notre <strong>production<\/strong> est bas\u00e9e sur une gamme presque standardis\u00e9, fabriqu\u00e9 selon les sp\u00e9cifications du client, les produits suivants, allant de <strong>concentr\u00e9s de jus naturels<\/strong> et <strong>pr\u00e9parations<\/strong>, il est clair que turbide&#8230;<\/p>\n[\/vc_column_text]<a href=\"http:\/\/www.internationaljuices.com\/fr\/cosa-facciamo\/\"  style=\" margin-top:40px; margin-left:80px; margin-bottom:30px;\"  class=\"sc_button  sc_button_skin_dark sc_button_style_bg sc_button_size_medium\" >EN SAVOIR PLUS<\/a>[\/vc_column_inner][\/vc_row_inner]<\/div><div id=\"sc_googlemap_344\" class=\"sc_googlemap\" style=\"width:100%;height:500px;\" data-address=\"San Francisco, CA 94102, US\" data-latlng=\"38.471097, 15.927427\" data-zoom=\"15\" data-style=\"\" data-scroll=\"\" data-point=\"\"><\/div>[\/vc_column][\/vc_row]\n<\/div>","protected":false},"excerpt":{"rendered":"[vc_row][vc_column][vc_empty_space height=\u00a0\u00bb35px\u00a0\u00bb][rev_slider_vc alias=\u00a0\u00bbslider\u00a0\u00bb][vc_separator][\/vc_column][\/vc_row][vc_row full_width=\u00a0\u00bbstretch_row_content_no_spaces\u00a0\u00bb el_id=\u00a0\u00bbhp_prodotti\u00a0\u00bb][vc_column css=\u00a0\u00bb.vc_custom_1485854669749{margin-top: 2px !important;}\u00a0\u00bb][vc_row_inner el_class=\u00a0\u00bbbanner_blog\u00a0\u00bb el_id=\u00a0\u00bbprodotti\u00a0\u00bb][vc_column_inner][vc_column_text css=\u00a0\u00bb.vc_custom_1601480503875{padding-top: 50px !important;padding-bottom: 50px !important;}\u00a0\u00bb] Nos nouveaux produits [\/vc_column_text][\/vc_column_inner][vc_column_inner width=\u00a0\u00bb1\/6&Prime;][\/vc_column_inner][vc_column_inner width=\u00a0\u00bb2\/6&Prime;][\/vc_column_inner][vc_column_inner width=\u00a0\u00bb2\/6&Prime;][\/vc_column_inner][vc_column_inner width=\u00a0\u00bb1\/6&Prime;][\/vc_column_inner][\/vc_row_inner][\/vc_column][\/vc_row]\n","protected":false},"author":3,"featured_media":0,"parent":0,"menu_order":0,"comment_status":"open","ping_status":"open","template":"","meta":{"footnotes":""},"class_list":["post-4874","page","type-page","status-publish","hentry"],"aioseo_notices":[],"_links":{"self":[{"href":"https:\/\/www.internationaljuices.com\/fr\/wp-json\/wp\/v2\/pages\/4874"}],"collection":[{"href":"https:\/\/www.internationaljuices.com\/fr\/wp-json\/wp\/v2\/pages"}],"about":[{"href":"https:\/\/www.internationaljuices.com\/fr\/wp-json\/wp\/v2\/types\/page"}],"author":[{"embeddable":true,"href":"https:\/\/www.internationaljuices.com\/fr\/wp-json\/wp\/v2\/users\/3"}],"replies":[{"embeddable":true,"href":"https:\/\/www.internationaljuices.com\/fr\/wp-json\/wp\/v2\/comments?post=4874"}],"version-history":[{"count":5,"href":"https:\/\/www.internationaljuices.com\/fr\/wp-json\/wp\/v2\/pages\/4874\/revisions"}],"predecessor-version":[{"id":5088,"href":"https:\/\/www.internationaljuices.com\/fr\/wp-json\/wp\/v2\/pages\/4874\/revisions\/5088"}],"wp:attachment":[{"href":"https:\/\/www.internationaljuices.com\/fr\/wp-json\/wp\/v2\/media?parent=4874"}],"curies":[{"name":"wp","href":"https:\/\/api.w.org\/{rel}","templated":true}]}}