{"id":4885,"date":"2017-01-30T09:14:52","date_gmt":"2017-01-30T08:14:52","guid":{"rendered":"http:\/\/www.internationaljuices.com\/fr\/cosa-facciamo\/"},"modified":"2020-09-30T17:47:43","modified_gmt":"2020-09-30T15:47:43","slug":"cosa-facciamo","status":"publish","type":"page","link":"https:\/\/www.internationaljuices.com\/fr\/cosa-facciamo\/","title":{"rendered":"Cosa Facciamo"},"content":{"rendered":"<div class=\"wpb-content-wrapper\">[vc_row][vc_column]<h1 class=\"sc_title  sc_title_center\" style=\"text-transform: none;\">Les produits: jus naturels et concentr\u00e9s<\/h1>[vc_empty_space height=\u00a0\u00bb25px\u00a0\u00bb][\/vc_column][\/vc_row][vc_row][vc_column][vc_column_text el_class=\u00a0\u00bbboxes\u00a0\u00bb]\n<p style=\"line-height: 25px;\">Notre production est bas\u00e9e sur une gamme presque standardis\u00e9, fabriqu\u00e9 selon les sp\u00e9cifications du client, les produits suivants, allant de concentr\u00e9s de jus naturels et pr\u00e9parations, il est clair que turbide.<\/p>\n<h3>Past\u00e8que &#8211; Nouveau<\/h3>\n<ul>\n<li data-canvas-width=\"465.26117647058817\">Le jus de Past\u00e8que 100% naturel italien<\/li>\n<li data-canvas-width=\"465.26117647058817\">Concentr\u00e9 de Past\u00e8que<\/li>\n<\/ul>\n<h3>Figue de Barbarie &#8211; Nouveau<\/h3>\n<ul>\n<li data-canvas-width=\"465.26117647058817\">Le jus de Figue de Barbarie 100% naturel italien<\/li>\n<li data-canvas-width=\"465.26117647058817\">Concentr\u00e9 de Figue de Barbarie<\/li>\n<\/ul>\n<h3>Grenade<\/h3>\n<ul>\n<li data-canvas-width=\"465.26117647058817\">Le jus de grenade 100% naturel italien<\/li>\n<li data-canvas-width=\"465.26117647058817\">Jus de grenade naturel NFC 100% Organic Italian<\/li>\n<li data-canvas-width=\"465.26117647058817\">grenade pr\u00e9par\u00e9 conc. 50 \u00b0 BX 100% italien<\/li>\n<li data-canvas-width=\"465.26117647058817\">grenade pr\u00e9par\u00e9 60 BX 100% italienne<\/li>\n<\/ul>\n<h3>Citron<\/h3>\n<ul>\n<li data-canvas-width=\"465.26117647058817\">Concentr\u00e9 de citron<\/li>\n<li data-canvas-width=\"465.26117647058817\">Citron pr\u00e9par\u00e9 44e BX<\/li>\n<li data-canvas-width=\"465.26117647058817\">Citron pr\u00e9par\u00e9 48e BX<\/li>\n<\/ul>\n<h3>Orange<\/h3>\n<ul>\n<li data-canvas-width=\"465.26117647058817\">Jus d&rsquo;orange rouge NFC 100% italienne<\/li>\n<li data-canvas-width=\"465.26117647058817\">Concentr\u00e9 d&rsquo;orange<\/li>\n<li data-canvas-width=\"465.26117647058817\">Orange Pr\u00e9par\u00e9 55e BX<\/li>\n<li data-canvas-width=\"465.26117647058817\">Orange pr\u00e9par\u00e9 60 BX<\/li>\n<\/ul>\n<h3>Mandarin<\/h3>\n<ul>\n<li data-canvas-width=\"465.26117647058817\">Jus de cl\u00e9mentine NFC 100% italienne<\/li>\n<li data-canvas-width=\"465.26117647058817\">Jus de tangerine NFC 100% italienne<\/li>\n<li data-canvas-width=\"465.26117647058817\">Tangerine concentr\u00e9<\/li>\n<\/ul>\n<h3>Bergamote<\/h3>\n<ul>\n<li data-canvas-width=\"465.26117647058817\">Concentr\u00e9 bergamote<\/li>\n<\/ul>\n<p style=\"line-height: 25px;\">Tous les produits propos\u00e9s par la soci\u00e9t\u00e9 sont conformes aux exigences de qualit\u00e9, de s\u00e9curit\u00e9 alimentaire et de l&rsquo;hygi\u00e8ne, en assurant la tra\u00e7abilit\u00e9 et l&rsquo;authenticit\u00e9, conform\u00e9ment aux directives nationales et internationales et la l\u00e9gislation en vigueur. la<br \/>\nLes jus internationaux gr\u00e2ce \u00e0 un syst\u00e8me de contr\u00f4le volontaire (VCS), g\u00e8re toute la documentation des produits achet\u00e9s, vendus et transform\u00e9s, en gardant les \u00e9chantillons, en respectant les mesures de la qualit\u00e9 de cr\u00e9ation \/ stockage.<br \/>\nCe type de surveillance est possible de les obtenir gr\u00e2ce \u00e0 la pr\u00e9sence de son propre laboratoire au sein de l&rsquo;entreprise elle-m\u00eame, par une instrumentation sp\u00e9cialis\u00e9e et ad\u00e9quate chimique pr\u00e9sent dans le laboratoire, pour le contr\u00f4le physico-chimiques et microbiologiques des mati\u00e8res premi\u00e8res et des produits finis.<\/p>\n[\/vc_column_text][\/vc_column][\/vc_row][vc_row][vc_column][vc_empty_space height=\u00a0\u00bb50px\u00a0\u00bb][vc_column_text]\n<h3 style=\"text-align: center;\">Nos produits peuvent \u00eatre fournis dans l&#8217;emballage suivant:<\/h3>\n[\/vc_column_text][vc_empty_space height=\u00a0\u00bb15px\u00a0\u00bb][\/vc_column][\/vc_row][vc_row css=\u00a0\u00bb.vc_custom_1485856412840{padding-top: 20px !important;padding-bottom: 20px !important;background-color: #ffffff !important;}\u00a0\u00bb el_class=\u00a0\u00bb.foto_cosafacciamo\u00a0\u00bb][vc_column][vc_row_inner el_class=\u00a0\u00bb.foto_cosafacciamo\u00a0\u00bb][vc_column_inner width=\u00a0\u00bb1\/4&Prime;]<div  class=\"sc_image align\"><a href=\"https:\/\/www.internationaljuices.com\/wp-content\/uploads\/2017\/01\/fusti-1240x1240-1.jpg\"><img decoding=\"async\"  src=\"https:\/\/www.internationaljuices.com\/wp-content\/uploads\/2017\/01\/fusti-1240x1240-1-1240x1240.jpg\" alt=\"\" \/><\/a><\/div>[vc_column_text]\n<p style=\"text-align: center;\"><strong>Batterie de LT 200\/250<\/strong><\/p>\n[\/vc_column_text][\/vc_column_inner][vc_column_inner width=\u00a0\u00bb1\/4&Prime;]<div  class=\"sc_image align\"><a href=\"https:\/\/www.internationaljuices.com\/wp-content\/uploads\/2017\/01\/secchioe_big-big-1240x1240-1.jpg\"><img decoding=\"async\"  src=\"https:\/\/www.internationaljuices.com\/wp-content\/uploads\/2017\/01\/secchioe_big-big-1240x1240-1-1240x1240.jpg\" alt=\"\" \/><\/a><\/div>[vc_column_text]\n<p style=\"text-align: center;\"><strong>Godet LT 20\/25<\/strong><\/p>\n[\/vc_column_text][\/vc_column_inner][vc_column_inner width=\u00a0\u00bb1\/4&Prime;]<div  class=\"sc_image align\"><a href=\"https:\/\/www.internationaljuices.com\/wp-content\/uploads\/2017\/01\/lkw.jpg\"><img decoding=\"async\"  src=\"https:\/\/www.internationaljuices.com\/wp-content\/uploads\/2017\/01\/lkw-1240x1240.jpg\" alt=\"\" \/><\/a><\/div>[vc_column_text]\n<p style=\"text-align: center;\"><strong>En vrac dans le r\u00e9servoir 25 tonnes<\/strong><\/p>\n[\/vc_column_text][\/vc_column_inner][vc_column_inner width=\u00a0\u00bb1\/4&Prime;]<div  class=\"sc_image align\"><a href=\"https:\/\/www.internationaljuices.com\/wp-content\/uploads\/2017\/01\/images.jpg\"><img decoding=\"async\"  src=\"https:\/\/www.internationaljuices.com\/wp-content\/uploads\/2017\/01\/images-1240x1240.jpg\" alt=\"\" \/><\/a><\/div>[vc_column_text]\n<p style=\"text-align: center;\"><strong>Bo\u00eete de r\u00e9ception lt sac. 5\/15\/25\/220\/1000<\/strong><\/p>\n[\/vc_column_text][\/vc_column_inner][\/vc_row_inner][vc_empty_space height=\u00a0\u00bb25px\u00a0\u00bb][vc_column_text css=\u00a0\u00bb.vc_custom_1491906508387{margin-top: 30px !important;padding-top: 20px !important;padding-bottom: 20px !important;background-color: #bfc976 !important;}\u00a0\u00bb]\n<h4 style=\"text-align: center;\"><span style=\"color: #ffffff;\">L&rsquo;ensemble peut \u00eatre fourni dans un emballage aseptique.<\/span><\/h4>\n[\/vc_column_text][\/vc_column][\/vc_row][vc_row][vc_column][vc_empty_space height=\u00a0\u00bb40px\u00a0\u00bb][\/vc_column][\/vc_row][vc_row][vc_column][vc_column_text css=\u00a0\u00bb.vc_custom_1491906533587{padding-right: 20px !important;padding-left: 20px !important;}\u00a0\u00bb]\n<h3 style=\"text-align: center;\"><strong>Les paquets que nous fournissons sont tous recyclables et un impact environnemental nul.<\/strong><\/h3>\n[\/vc_column_text][\/vc_column][\/vc_row][vc_row][vc_column][vc_empty_space height=\u00a0\u00bb35px\u00a0\u00bb][\/vc_column][\/vc_row][vc_row css=\u00a0\u00bb.vc_custom_1485786131219{background-color: #ffffff !important;}\u00a0\u00bb][vc_column][rev_slider_vc alias=\u00a0\u00bbslider_cosa_facciamo\u00a0\u00bb][\/vc_column][\/vc_row][vc_row][vc_column][vc_empty_space height=\u00a0\u00bb25px\u00a0\u00bb][\/vc_column][\/vc_row]\n<\/div>","protected":false},"excerpt":{"rendered":"[vc_row][vc_column][vc_empty_space height=\u00a0\u00bb25px\u00a0\u00bb][\/vc_column][\/vc_row][vc_row][vc_column][vc_column_text el_class=\u00a0\u00bbboxes\u00a0\u00bb] Notre production est bas\u00e9e sur une gamme presque standardis\u00e9, fabriqu\u00e9 selon les sp\u00e9cifications du client, les produits suivants, allant de concentr\u00e9s de jus naturels et pr\u00e9parations, il est clair que turbide. Past\u00e8que &#8211; Nouveau Le jus de Past\u00e8que 100% naturel italien Concentr\u00e9 de Past\u00e8que Figue de Barbarie &#8211; Nouveau Le jus de [&hellip;]\n","protected":false},"author":3,"featured_media":0,"parent":0,"menu_order":0,"comment_status":"closed","ping_status":"closed","template":"","meta":{"footnotes":""},"class_list":["post-4885","page","type-page","status-publish","hentry"],"aioseo_notices":[],"_links":{"self":[{"href":"https:\/\/www.internationaljuices.com\/fr\/wp-json\/wp\/v2\/pages\/4885"}],"collection":[{"href":"https:\/\/www.internationaljuices.com\/fr\/wp-json\/wp\/v2\/pages"}],"about":[{"href":"https:\/\/www.internationaljuices.com\/fr\/wp-json\/wp\/v2\/types\/page"}],"author":[{"embeddable":true,"href":"https:\/\/www.internationaljuices.com\/fr\/wp-json\/wp\/v2\/users\/3"}],"replies":[{"embeddable":true,"href":"https:\/\/www.internationaljuices.com\/fr\/wp-json\/wp\/v2\/comments?post=4885"}],"version-history":[{"count":4,"href":"https:\/\/www.internationaljuices.com\/fr\/wp-json\/wp\/v2\/pages\/4885\/revisions"}],"predecessor-version":[{"id":5093,"href":"https:\/\/www.internationaljuices.com\/fr\/wp-json\/wp\/v2\/pages\/4885\/revisions\/5093"}],"wp:attachment":[{"href":"https:\/\/www.internationaljuices.com\/fr\/wp-json\/wp\/v2\/media?parent=4885"}],"curies":[{"name":"wp","href":"https:\/\/api.w.org\/{rel}","templated":true}]}}