{"id":4888,"date":"2017-01-30T09:15:17","date_gmt":"2017-01-30T08:15:17","guid":{"rendered":"http:\/\/www.internationaljuices.com\/fr\/le-certificazioni\/"},"modified":"2017-09-22T16:55:28","modified_gmt":"2017-09-22T14:55:28","slug":"le-certificazioni","status":"publish","type":"page","link":"https:\/\/www.internationaljuices.com\/fr\/le-certificazioni\/","title":{"rendered":"Certifications"},"content":{"rendered":"<div class=\"wpb-content-wrapper\">[vc_row][vc_column width=\u00a0\u00bb1\/3&Prime;][vc_column_text css=\u00a0\u00bb.vc_custom_1491906745384{padding-left: 20px !important;}\u00a0\u00bb]La soci\u00e9t\u00e9 fonctionne selon le syst\u00e8me HACCP de bonnes pratiques de fabrication, avec le syst\u00e8me de management de la qualit\u00e9 certifi\u00e9 selon la norme UNI EN ISO 9001: 2008.<br \/>\nA l&rsquo;int\u00e9rieur de notre usine ont une ligne technologique et innovante, pour compl\u00e9ter le traitement de grenade, le processus fournit un tri de fruits rationnel et syst\u00e8me de lavage, pour \u00eatre en mesure de commencer l&rsquo;usinage et pour obtenir la meilleure qualit\u00e9 de jus.[\/vc_column_text][\/vc_column][vc_column width=\u00a0\u00bb2\/3&Prime;]<div  style=\"margin-left:80px !important;margin-right:80px !important;\" class=\"sc_image align\"><a href=\"https:\/\/www.internationaljuices.com\/wp-content\/uploads\/2017\/01\/Certificato-ICIM-iso.jpg\"><img decoding=\"async\"  src=\"https:\/\/www.internationaljuices.com\/wp-content\/uploads\/2017\/01\/Certificato-ICIM-iso-1240x1765.jpg\" alt=\"Certificazione ICIM UNI EN ISO 9001:2008\" \/><\/a><div class=\"sc_image_caption\">Certificazione ICIM UNI EN ISO 9001:2008<\/div><\/div>[\/vc_column][\/vc_row][vc_row][vc_column][vc_empty_space height=\u00a0\u00bb25px\u00a0\u00bb][\/vc_column][\/vc_row]\n<\/div>","protected":false},"excerpt":{"rendered":"[vc_row][vc_column width=\u00a0\u00bb1\/3&Prime;][vc_column_text css=\u00a0\u00bb.vc_custom_1491906745384{padding-left: 20px !important;}\u00a0\u00bb]La soci\u00e9t\u00e9 fonctionne selon le syst\u00e8me HACCP de bonnes pratiques de fabrication, avec le syst\u00e8me de management de la qualit\u00e9 certifi\u00e9 selon la norme UNI EN ISO 9001: 2008. A l&rsquo;int\u00e9rieur de notre usine ont une ligne technologique et innovante, pour compl\u00e9ter le traitement de grenade, le processus fournit un tri [&hellip;]\n","protected":false},"author":3,"featured_media":0,"parent":0,"menu_order":0,"comment_status":"closed","ping_status":"closed","template":"","meta":{"footnotes":""},"class_list":["post-4888","page","type-page","status-publish","hentry"],"aioseo_notices":[],"_links":{"self":[{"href":"https:\/\/www.internationaljuices.com\/fr\/wp-json\/wp\/v2\/pages\/4888"}],"collection":[{"href":"https:\/\/www.internationaljuices.com\/fr\/wp-json\/wp\/v2\/pages"}],"about":[{"href":"https:\/\/www.internationaljuices.com\/fr\/wp-json\/wp\/v2\/types\/page"}],"author":[{"embeddable":true,"href":"https:\/\/www.internationaljuices.com\/fr\/wp-json\/wp\/v2\/users\/3"}],"replies":[{"embeddable":true,"href":"https:\/\/www.internationaljuices.com\/fr\/wp-json\/wp\/v2\/comments?post=4888"}],"version-history":[{"count":3,"href":"https:\/\/www.internationaljuices.com\/fr\/wp-json\/wp\/v2\/pages\/4888\/revisions"}],"predecessor-version":[{"id":4893,"href":"https:\/\/www.internationaljuices.com\/fr\/wp-json\/wp\/v2\/pages\/4888\/revisions\/4893"}],"wp:attachment":[{"href":"https:\/\/www.internationaljuices.com\/fr\/wp-json\/wp\/v2\/media?parent=4888"}],"curies":[{"name":"wp","href":"https:\/\/api.w.org\/{rel}","templated":true}]}}